{"id":76,"date":"2025-01-31T14:55:51","date_gmt":"2025-01-31T13:55:51","guid":{"rendered":"https:\/\/www.uplegess.com\/?page_id=76"},"modified":"2026-01-14T12:48:19","modified_gmt":"2026-01-14T11:48:19","slug":"adherer","status":"publish","type":"page","link":"https:\/\/www.uplegess.com\/?page_id=76","title":{"rendered":"Adh\u00e9rer"},"content":{"rendered":"\n<p class=\"has-blue-color has-text-color has-link-color wp-elements-4edb4aba3cc1499429238ff15f825718\"><em><strong>Devenez un membre actif de notre association en adh\u00e9rant.<\/strong><\/em> <\/p>\n\n\n\n<div class=\"wp-block-columns is-layout-flex wp-container-core-columns-is-layout-9d6595d7 wp-block-columns-is-layout-flex\">\n<div class=\"wp-block-column is-layout-flow wp-block-column-is-layout-flow\">\n<h3 class=\"wp-block-heading has-small-font-size\" id=\"free\">Adh\u00e9sion individuelle<\/h3>\n\n\n\n<p><strong>30&nbsp;\u20ac\/an<\/strong> (du 1er janvier au 31 d\u00e9cembre)<\/p>\n\n\n\n<p><em>Vous pouvez ainsi acc\u00e9der \u00e0&nbsp;<\/em>:<\/p>\n\n\n\n<ul class=\"wp-block-list\">\n<li>participation gratuite aux journ\u00e9es d\u2019\u00e9tude CGE (conf\u00e9rence des Grandes \u00e9coles) et aux journ\u00e9es p\u00e9dagogiques des Groupes de travail Langues (allemand, anglais, espagnol, FLE, MoDiMEs*).<\/li>\n\n\n\n<li>inscription aux s\u00e9minaires de formation<\/li>\n\n\n\n<li>offres d\u2019emploi du r\u00e9seau des \u00e9tablissements adh\u00e9rents \u00e0 l\u2019UPLEGESS<\/li>\n\n\n\n<li>r\u00e9seau des professeurs de langues membres de l\u2019UPLEGESS<\/li>\n\n\n\n<li>vote \u00e0 l\u2019assembl\u00e9e g\u00e9n\u00e9rale annuelle <\/li>\n\n\n\n<li>supports de communication li\u00e9s aux \u00e9v\u00e9nements de l\u2019ann\u00e9e<\/li>\n<\/ul>\n\n\n\n<p class=\"has-text-align-center has-black-color has-blue-background-color has-text-color has-background has-link-color has-small-font-size wp-elements-49eb474523ae6d65056a65ceaa159efb\"><a href=\"https:\/\/www.helloasso.com\/associations\/union-professeurs-de-langues-etrangeres-grandes-ecoles-et-etablissements-superieurs-scientifiques\/adhesions\/adhesion-individuelle-2026\">Adh\u00e9rer avec HelloAsso<\/a><\/p>\n\n\n\n<p style=\"font-size:13px\"><em>Cette adh\u00e9sion individuelle est n\u00e9cessaire pour nous permettre de vous proposer des \u00e9v\u00e9nements de qualit\u00e9 et accessibles au plus grand nombre.  Elle est ind\u00e9pendante de l&rsquo;adh\u00e9sion que votre \u00e9cole fait par ailleurs et qui correspond \u00e0 un soutien institutionnel.&nbsp;<\/em><\/p>\n<\/div>\n\n\n\n<div class=\"wp-block-column is-layout-flow wp-block-column-is-layout-flow\">\n<h3 class=\"wp-block-heading has-small-font-size\" id=\"single\">SOUTIEN institutionnel<\/h3>\n\n\n\n<p><strong>300&nbsp;\u20ac\/an<\/strong> (du 1er janvier au 31 d\u00e9cembre)<\/p>\n\n\n\n<p><em>Vous pouvez ainsi acc\u00e9der \u00e0&nbsp;<\/em>:<\/p>\n\n\n\n<ul class=\"wp-block-list\">\n<li>vote \u00e0 l\u2019assembl\u00e9e g\u00e9n\u00e9rale annuelle, par un repr\u00e9sentant (ou suppl\u00e9ant \u00e9ventuel) d\u00e9sign\u00e9 par l\u2019\u00e9tablissement<\/li>\n\n\n\n<li>supports de communication scientifique li\u00e9s aux \u00e9v\u00e9nements de l\u2019ann\u00e9e (congr\u00e8s, journ\u00e9es d\u2019\u00e9tude CGE, journ\u00e9es p\u00e9dagogiques langues avec les Groupe de Travail allemand, anglais, espagnol, FLE, MoDiMEs*, s\u00e9minaires de formation)<\/li>\n\n\n\n<li>service de diffusion des offres d\u2019emploi d\u2019enseignants de langues \u00e0 nos adh\u00e9rents<\/li>\n\n\n\n<li>visibilit\u00e9 de votre logo lors de la communication de nos \u00e9v\u00e9nements<\/li>\n<\/ul>\n\n\n\n<p class=\"has-text-align-center has-black-color has-blue-background-color has-text-color has-background has-link-color has-small-font-size wp-elements-05e27df90ba7fcb95500957938a93b65\"><a href=\"https:\/\/www.helloasso.com\/associations\/union-professeurs-de-langues-etrangeres-grandes-ecoles-et-etablissements-superieurs-scientifiques\/adhesions\/adhesion-institutionnelle-2026\">Soutenir avec HelloAsso<\/a><\/p>\n\n\n\n<p class=\"has-small-font-size\" style=\"letter-spacing:0px;text-transform:none\"><em>Le soutien institutionnel contribue au financement du congr\u00e8s annuel mais aussi des \u00e9v\u00e9nements CGE (journ\u00e9e d\u2019\u00e9tudes), des actions de formation (atelier et s\u00e9minaire).&nbsp;<\/em><br><em>Gr\u00e2ce \u00e0 votre soutien et votre engagement, les enseignants de langues et cultures (tout statut confondu) profitent tout au long de l\u2019ann\u00e9e de rencontres, de temps de formation gratuit et de r\u00e9flexion. Ils participent aussi au rayonnement de votre \u00e9tablissement lors des communications scientifiques qu\u2019ils proposent pr\u00e9cis\u00e9ment \u00e0 l\u2019occasion du congr\u00e8s<\/em><\/p>\n<\/div>\n<\/div>\n\n\n\n<p style=\"font-size:10px\">* Langues : moins Diffus\u00e9es et moins Enseign\u00e9es (MoDiMEs)<\/p>\n\n\n\n<p><\/p>\n","protected":false},"excerpt":{"rendered":"<p>Devenez un membre actif de notre association en adh\u00e9rant. Adh\u00e9sion individuelle 30&nbsp;\u20ac\/an (du 1er janvier au 31 d\u00e9cembre) Vous pouvez ainsi acc\u00e9der \u00e0&nbsp;: Adh\u00e9rer avec HelloAsso Cette adh\u00e9sion individuelle est n\u00e9cessaire pour nous permettre de vous proposer des \u00e9v\u00e9nements de &hellip; <a href=\"https:\/\/www.uplegess.com\/?page_id=76\">Continuer la lecture <span class=\"meta-nav\">&rarr;<\/span><\/a><\/p>\n","protected":false},"author":1,"featured_media":0,"parent":0,"menu_order":0,"comment_status":"closed","ping_status":"closed","template":"","meta":{"footnotes":""},"class_list":["post-76","page","type-page","status-publish","hentry"],"_links":{"self":[{"href":"https:\/\/www.uplegess.com\/index.php?rest_route=\/wp\/v2\/pages\/76","targetHints":{"allow":["GET"]}}],"collection":[{"href":"https:\/\/www.uplegess.com\/index.php?rest_route=\/wp\/v2\/pages"}],"about":[{"href":"https:\/\/www.uplegess.com\/index.php?rest_route=\/wp\/v2\/types\/page"}],"author":[{"embeddable":true,"href":"https:\/\/www.uplegess.com\/index.php?rest_route=\/wp\/v2\/users\/1"}],"replies":[{"embeddable":true,"href":"https:\/\/www.uplegess.com\/index.php?rest_route=%2Fwp%2Fv2%2Fcomments&post=76"}],"version-history":[{"count":23,"href":"https:\/\/www.uplegess.com\/index.php?rest_route=\/wp\/v2\/pages\/76\/revisions"}],"predecessor-version":[{"id":277,"href":"https:\/\/www.uplegess.com\/index.php?rest_route=\/wp\/v2\/pages\/76\/revisions\/277"}],"wp:attachment":[{"href":"https:\/\/www.uplegess.com\/index.php?rest_route=%2Fwp%2Fv2%2Fmedia&parent=76"}],"curies":[{"name":"wp","href":"https:\/\/api.w.org\/{rel}","templated":true}]}}