{"id":67,"date":"2025-01-31T14:31:32","date_gmt":"2025-01-31T13:31:32","guid":{"rendered":"https:\/\/www.uplegess.com\/?page_id=67"},"modified":"2026-01-06T17:09:35","modified_gmt":"2026-01-06T16:09:35","slug":"evenements","status":"publish","type":"page","link":"https:\/\/www.uplegess.com\/?page_id=67","title":{"rendered":"Ev\u00e9nements &#8211; typologie, archives"},"content":{"rendered":"\n<div class=\"wp-block-columns alignwide is-layout-flex wp-container-core-columns-is-layout-9d6595d7 wp-block-columns-is-layout-flex\">\n<div class=\"wp-block-column is-layout-flow wp-block-column-is-layout-flow\">\n<figure class=\"wp-block-image size-full\" style=\"margin-bottom:24px\"><img loading=\"lazy\" decoding=\"async\" width=\"295\" height=\"171\" src=\"https:\/\/www.uplegess.com\/wp-content\/uploads\/2025\/01\/congres.jpg\" alt=\"\" class=\"wp-image-12\" style=\"aspect-ratio:4\/3;object-fit:cover\"\/><\/figure>\n\n\n\n<h3 class=\"wp-block-heading has-small-font-size\">1 congr\u00e8s<\/h3>\n\n\n\n<p class=\"has-small-font-size\">Un \u00e9v\u00e9nement significatif o\u00f9 des \u00e9changes et des r\u00e9flexions sur des axes sp\u00e9cifiques ont lieu dans un \u00e9tablissement membre et partenaire.<\/p>\n<\/div>\n\n\n\n<div class=\"wp-block-column is-layout-flow wp-block-column-is-layout-flow\">\n<figure class=\"wp-block-image size-full\" style=\"margin-bottom:24px\"><img loading=\"lazy\" decoding=\"async\" width=\"300\" height=\"200\" src=\"https:\/\/www.uplegess.com\/wp-content\/uploads\/2025\/01\/seminaire-300x200-1.jpeg\" alt=\"\" class=\"wp-image-11\" style=\"aspect-ratio:4\/3;object-fit:cover\"\/><\/figure>\n\n\n\n<h3 class=\"wp-block-heading has-small-font-size\">Des journ\u00e9es d&rsquo;\u00e9tude CGE<\/h3>\n\n\n\n<p class=\"has-small-font-size\">Dans le cadre de la&nbsp;Conf\u00e9rence des Grandes \u00c9coles,&nbsp;le CA de l\u2019UPLEGESS coordonne le groupe de travail&nbsp;Langues&nbsp;de la commission&nbsp;Formation, et propose 1 ou 2 journ\u00e9es d&rsquo;\u00e9tudes et d&rsquo;\u00e9change de bonnes pratiques<\/p>\n<\/div>\n\n\n\n<div class=\"wp-block-column is-layout-flow wp-block-column-is-layout-flow\">\n<figure class=\"wp-block-image size-full\" style=\"margin-bottom:24px\"><img loading=\"lazy\" decoding=\"async\" width=\"300\" height=\"200\" src=\"https:\/\/www.uplegess.com\/wp-content\/uploads\/2025\/01\/oiseauCGE-300x200-1.jpeg\" alt=\"\" class=\"wp-image-13\" style=\"aspect-ratio:4\/3;object-fit:cover\"\/><\/figure>\n\n\n\n<h3 class=\"wp-block-heading has-small-font-size\">Des s\u00e9minaires de formation et des journ\u00e9es Langues<\/h3>\n\n\n\n<p class=\"has-small-font-size\">La formation de formateurs se confirme au sein de l\u2019UPLEGESS&nbsp; avec des s\u00e9minaires et des journ\u00e9es p\u00e9dagogiques des groupes de travail-Langues\u2026 pour f\u00e9d\u00e9rer notre r\u00e9seau, explorer ensemble des questions p\u00e9dagogiques et renforcer nos comp\u00e9tences.<\/p>\n<\/div>\n<\/div>\n\n\n\n<aside class=\"wp-block-group alignfull is-style-section-3 has-background\" style=\"background:linear-gradient(135deg,rgb(6,147,227) 0%,rgb(255,255,255) 22%,rgb(81,117,224) 100%);margin-top:0;margin-bottom:0;padding-top:var(--wp--preset--spacing--50);padding-right:var(--wp--preset--spacing--50);padding-bottom:var(--wp--preset--spacing--50);padding-left:var(--wp--preset--spacing--50)\"><div class=\"wp-block-group__inner-container is-layout-constrained wp-container-core-group-is-layout-f69f53e0 wp-block-group-is-layout-constrained\">\n<div class=\"wp-block-group is-vertical is-content-justification-center is-layout-flex wp-container-core-group-is-layout-2e2aa035 wp-block-group-is-layout-flex\" style=\"min-height:360px;margin-top:0;margin-bottom:0\">\n<h2 class=\"wp-block-heading has-text-align-center has-large-font-size\">Pour suivre nos \u00e9v\u00e9nements, <\/h2>\n\n\n\n<p class=\"has-text-align-center has-large-font-size\">rejoignez notre groupe sur <a href=\"https:\/\/www.linkedin.com\/company\/uplegess\/?viewAsMember=true\">LinkedIn<\/a><\/p>\n\n\n\n<div style=\"height:0px\" aria-hidden=\"true\" class=\"wp-block-spacer wp-container-content-62aae154\"><\/div>\n\n\n\n<div class=\"wp-block-buttons is-content-justification-center is-layout-flex wp-container-core-buttons-is-layout-16018d1d wp-block-buttons-is-layout-flex\"><\/div>\n<\/div>\n<\/div><\/aside>\n\n\n\n<p><\/p>\n","protected":false},"excerpt":{"rendered":"<p>1 congr\u00e8s Un \u00e9v\u00e9nement significatif o\u00f9 des \u00e9changes et des r\u00e9flexions sur des axes sp\u00e9cifiques ont lieu dans un \u00e9tablissement membre et partenaire. Des journ\u00e9es d&rsquo;\u00e9tude CGE Dans le cadre de la&nbsp;Conf\u00e9rence des Grandes \u00c9coles,&nbsp;le CA de l\u2019UPLEGESS coordonne le &hellip; <a href=\"https:\/\/www.uplegess.com\/?page_id=67\">Continuer la lecture <span class=\"meta-nav\">&rarr;<\/span><\/a><\/p>\n","protected":false},"author":1,"featured_media":0,"parent":0,"menu_order":0,"comment_status":"closed","ping_status":"closed","template":"","meta":{"footnotes":""},"class_list":["post-67","page","type-page","status-publish","hentry"],"_links":{"self":[{"href":"https:\/\/www.uplegess.com\/index.php?rest_route=\/wp\/v2\/pages\/67","targetHints":{"allow":["GET"]}}],"collection":[{"href":"https:\/\/www.uplegess.com\/index.php?rest_route=\/wp\/v2\/pages"}],"about":[{"href":"https:\/\/www.uplegess.com\/index.php?rest_route=\/wp\/v2\/types\/page"}],"author":[{"embeddable":true,"href":"https:\/\/www.uplegess.com\/index.php?rest_route=\/wp\/v2\/users\/1"}],"replies":[{"embeddable":true,"href":"https:\/\/www.uplegess.com\/index.php?rest_route=%2Fwp%2Fv2%2Fcomments&post=67"}],"version-history":[{"count":8,"href":"https:\/\/www.uplegess.com\/index.php?rest_route=\/wp\/v2\/pages\/67\/revisions"}],"predecessor-version":[{"id":272,"href":"https:\/\/www.uplegess.com\/index.php?rest_route=\/wp\/v2\/pages\/67\/revisions\/272"}],"wp:attachment":[{"href":"https:\/\/www.uplegess.com\/index.php?rest_route=%2Fwp%2Fv2%2Fmedia&parent=67"}],"curies":[{"name":"wp","href":"https:\/\/api.w.org\/{rel}","templated":true}]}}