{"id":61,"date":"2025-01-31T14:26:44","date_gmt":"2025-01-31T13:26:44","guid":{"rendered":"https:\/\/www.uplegess.com\/?page_id=61"},"modified":"2026-01-16T15:40:10","modified_gmt":"2026-01-16T14:40:10","slug":"ca","status":"publish","type":"page","link":"https:\/\/www.uplegess.com\/?page_id=61","title":{"rendered":"Conseil d&rsquo;administration"},"content":{"rendered":"\n<p class=\"has-text-align-left has-blue-color has-text-color has-link-color has-medium-font-size wp-elements-c29d8f9d8509325686ca14e8cb5fbce7\"><strong>Liste des membres \u00e9lus du Conseil d&rsquo;Administration<\/strong><\/p>\n\n\n\n<p class=\"has-text-align-left has-blue-color has-text-color has-link-color has-medium-font-size wp-elements-af1c909d846c76b181bfc106ee8b11f9\"><strong>Mandat 2024-2027<\/strong><\/p>\n\n\n\n<p class=\"has-text-align-left has-medium-font-size\"><em>Notre nouveau bureau a d\u00e9marr\u00e9 sa mission en novembre 2024. Des commissions ont \u00e9t\u00e9 cr\u00e9\u00e9es autour du budget, de la communication, de la formation, de l&rsquo;expertise didactique et p\u00e9dagogique.<\/em><\/p>\n\n\n\n<ul class=\"wp-block-list\">\n<li class=\"has-small-font-size\"><strong>Bureau<\/strong>\n<ul class=\"wp-block-list\">\n<li class=\"has-small-font-size\">Pr\u00e9sidente : C\u00e9cile Brossaud, T\u00e9l\u00e9com Paris\/IP Paris<\/li>\n\n\n\n<li>Secr\u00e9taire g\u00e9n\u00e9rale : Sophie Sousa, IMT-BS\/TSP<\/li>\n\n\n\n<li>Tr\u00e9sorier : Antonio Luis D\u00edaz Garc\u00eda, Neoma BS<\/li>\n<\/ul>\n<\/li>\n\n\n\n<li class=\"has-small-font-size\"><strong>Membres <\/strong>\n<ul class=\"wp-block-list\">\n<li>Bel Kefi&nbsp;In\u00e8s, IOGS<\/li>\n\n\n\n<li>Di Tillio Lacruz&nbsp;Mariluz, Ecole Nationale des Ponts et Chauss\u00e9es<\/li>\n\n\n\n<li>Duranton&nbsp;H\u00e9l\u00e8ne, MBS School of Business<\/li>\n\n\n\n<li>Gally Carole, GEM<\/li>\n\n\n\n<li>Garay Edicto, INSA Lyon<\/li>\n\n\n\n<li>Katzenberger&nbsp;Andrea, Neoma BS<\/li>\n\n\n\n<li>Koiran&nbsp;Linda, Mines Paris\/PSL<\/li>\n\n\n\n<li>Lucas Jennifer, SKEMA-Paris<\/li>\n\n\n\n<li>Miller Daniau&nbsp;&nbsp;Michael, ESTACA<\/li>\n\n\n\n<li>Salinas\u00a0Marcelo, IOGS &#8211; intervenant dans les Grandes Ecoles<\/li>\n\n\n\n<li>Stavrevitch&nbsp;Audrey, IMT-BS\/TSP<\/li>\n<\/ul>\n<\/li>\n\n\n\n<li class=\"has-small-font-size\"><strong>Membres associ\u00e9es<\/strong>\n<ul class=\"wp-block-list\">\n<li>Ayosso\u00a0Laure, IESEG<\/li>\n\n\n\n<li>Maxim Iakovlev, INSA-Lyon<\/li>\n<\/ul>\n<\/li>\n\n\n\n<li class=\"has-small-font-size\"><strong>Membres d&rsquo;honneur<\/strong>\n<ul class=\"wp-block-list\">\n<li>J\u00f6rg Eschenauer, Pr\u00e9sident de l&rsquo;UPLEGESS de 2012-2024<\/li>\n\n\n\n<li>Jean Le Bousse, Pr\u00e9sident de l&rsquo;UPLEGESS de 2000-2012<\/li>\n<\/ul>\n<\/li>\n<\/ul>\n","protected":false},"excerpt":{"rendered":"<p>Liste des membres \u00e9lus du Conseil d&rsquo;Administration Mandat 2024-2027 Notre nouveau bureau a d\u00e9marr\u00e9 sa mission en novembre 2024. Des commissions ont \u00e9t\u00e9 cr\u00e9\u00e9es autour du budget, de la communication, de la formation, de l&rsquo;expertise didactique et p\u00e9dagogique.<\/p>\n","protected":false},"author":1,"featured_media":0,"parent":0,"menu_order":0,"comment_status":"closed","ping_status":"closed","template":"","meta":{"footnotes":""},"class_list":["post-61","page","type-page","status-publish","hentry"],"_links":{"self":[{"href":"https:\/\/www.uplegess.com\/index.php?rest_route=\/wp\/v2\/pages\/61","targetHints":{"allow":["GET"]}}],"collection":[{"href":"https:\/\/www.uplegess.com\/index.php?rest_route=\/wp\/v2\/pages"}],"about":[{"href":"https:\/\/www.uplegess.com\/index.php?rest_route=\/wp\/v2\/types\/page"}],"author":[{"embeddable":true,"href":"https:\/\/www.uplegess.com\/index.php?rest_route=\/wp\/v2\/users\/1"}],"replies":[{"embeddable":true,"href":"https:\/\/www.uplegess.com\/index.php?rest_route=%2Fwp%2Fv2%2Fcomments&post=61"}],"version-history":[{"count":18,"href":"https:\/\/www.uplegess.com\/index.php?rest_route=\/wp\/v2\/pages\/61\/revisions"}],"predecessor-version":[{"id":279,"href":"https:\/\/www.uplegess.com\/index.php?rest_route=\/wp\/v2\/pages\/61\/revisions\/279"}],"wp:attachment":[{"href":"https:\/\/www.uplegess.com\/index.php?rest_route=%2Fwp%2Fv2%2Fmedia&parent=61"}],"curies":[{"name":"wp","href":"https:\/\/api.w.org\/{rel}","templated":true}]}}