{"id":275,"date":"2026-02-04T17:29:58","date_gmt":"2026-02-04T16:29:58","guid":{"rendered":"https:\/\/www.uplegess.com\/?page_id=275"},"modified":"2026-04-10T15:04:51","modified_gmt":"2026-04-10T13:04:51","slug":"journee-detude","status":"publish","type":"page","link":"https:\/\/www.uplegess.com\/?page_id=275","title":{"rendered":"Journ\u00e9e d&rsquo;\u00e9tude CGE &#8211; 17 avril 2026 &#8211; aux Mines Paris-PSL,"},"content":{"rendered":"\n<ul class=\"wp-block-list\">\n<li>60 boulevard Saint-Michel 75006 Paris &#8211; RER B Luxembourg<\/li>\n<\/ul>\n\n\n\n<p>Journ\u00e9e d\u2019\u00e9tude CGE pilot\u00e9e par Linda Koiran, organis\u00e9e par l&rsquo;UPLEGESS, \u00e0 l\u2019\u00c9cole Nationale Sup\u00e9rieure des Mines de Paris (Mines Paris PSL) <\/p>\n\n\n\n<h2 class=\"wp-block-heading\"><strong>Th\u00e8me : \u00ab\u00a0Langues, cultures et g\u00e9opolitique : enseigner en temps de crise\u00a0\u00bb <\/strong><\/h2>\n\n\n\n<p><strong>Conf\u00e9rences, \u00e9changes et table-ronde. <\/strong>Journ\u00e9e ouverte aux membres de l&rsquo;Uplegess et \u00e0 tous les acteurs de l&rsquo;enseignement sup\u00e9rieur concern\u00e9s par la dimension g\u00e9ographique, politique, historique et culturelle des langues.<\/p>\n\n\n\n<blockquote class=\"wp-block-quote is-layout-flow wp-block-quote-is-layout-flow\">\n<p>Inscription gratuite via HelloAsso avant le 9 mars <a href=\"https:\/\/www.helloasso.com\/associations\/union-professeurs-de-langues-etrangeres-grandes-ecoles-et-etablissements-superieurs-scientifiques\/evenements\/journee-d-etudes-uplegess-cge\">cliquer ici<\/a> &#8211; vous avez aussi la possibilit\u00e9 de soutenir notre association en faisant un don lors de l&rsquo;inscription.<\/p>\n<\/blockquote>\n\n\n\n<h2 class=\"wp-block-heading\"><strong>D\u00e9couvrez le programme d\u00e9taill\u00e9 de la journ\u00e9e<\/strong><\/h2>\n\n\n\n<div data-wp-interactive=\"core\/file\" class=\"wp-block-file\"><object data-wp-bind--hidden=\"!state.hasPdfPreview\" hidden class=\"wp-block-file__embed\" data=\"https:\/\/www.uplegess.com\/wp-content\/uploads\/2026\/03\/ProgrammeJE-CGE-Mines.pdf\" type=\"application\/pdf\" style=\"width:100%;height:600px\" aria-label=\"Contenu embarqu\u00e9 ProgrammeJE-CGE-Mines.\"><\/object><a id=\"wp-block-file--media-212650fb-44f4-4e67-ae8f-c09b5cef7efc\" href=\"https:\/\/www.uplegess.com\/wp-content\/uploads\/2026\/03\/ProgrammeJE-CGE-Mines.pdf\">ProgrammeJE-CGE-Mines<\/a><a href=\"https:\/\/www.uplegess.com\/wp-content\/uploads\/2026\/03\/ProgrammeJE-CGE-Mines.pdf\" class=\"wp-block-file__button wp-element-button\" download aria-describedby=\"wp-block-file--media-212650fb-44f4-4e67-ae8f-c09b5cef7efc\">T\u00e9l\u00e9charger<\/a><\/div>\n","protected":false},"excerpt":{"rendered":"<p>Journ\u00e9e d\u2019\u00e9tude CGE pilot\u00e9e par Linda Koiran, organis\u00e9e par l&rsquo;UPLEGESS, \u00e0 l\u2019\u00c9cole Nationale Sup\u00e9rieure des Mines de Paris (Mines Paris PSL) Th\u00e8me : \u00ab\u00a0Langues, cultures et g\u00e9opolitique : enseigner en temps de crise\u00a0\u00bb Conf\u00e9rences, \u00e9changes et table-ronde. Journ\u00e9e ouverte aux &hellip; <a href=\"https:\/\/www.uplegess.com\/?page_id=275\">Continuer la lecture <span class=\"meta-nav\">&rarr;<\/span><\/a><\/p>\n","protected":false},"author":1,"featured_media":0,"parent":0,"menu_order":0,"comment_status":"closed","ping_status":"closed","template":"","meta":{"footnotes":""},"class_list":["post-275","page","type-page","status-publish","hentry"],"_links":{"self":[{"href":"https:\/\/www.uplegess.com\/index.php?rest_route=\/wp\/v2\/pages\/275","targetHints":{"allow":["GET"]}}],"collection":[{"href":"https:\/\/www.uplegess.com\/index.php?rest_route=\/wp\/v2\/pages"}],"about":[{"href":"https:\/\/www.uplegess.com\/index.php?rest_route=\/wp\/v2\/types\/page"}],"author":[{"embeddable":true,"href":"https:\/\/www.uplegess.com\/index.php?rest_route=\/wp\/v2\/users\/1"}],"replies":[{"embeddable":true,"href":"https:\/\/www.uplegess.com\/index.php?rest_route=%2Fwp%2Fv2%2Fcomments&post=275"}],"version-history":[{"count":7,"href":"https:\/\/www.uplegess.com\/index.php?rest_route=\/wp\/v2\/pages\/275\/revisions"}],"predecessor-version":[{"id":333,"href":"https:\/\/www.uplegess.com\/index.php?rest_route=\/wp\/v2\/pages\/275\/revisions\/333"}],"wp:attachment":[{"href":"https:\/\/www.uplegess.com\/index.php?rest_route=%2Fwp%2Fv2%2Fmedia&parent=275"}],"curies":[{"name":"wp","href":"https:\/\/api.w.org\/{rel}","templated":true}]}}