{"id":239,"date":"2025-11-17T13:47:13","date_gmt":"2025-11-17T12:47:13","guid":{"rendered":"https:\/\/www.uplegess.com\/?page_id=239"},"modified":"2025-11-17T14:44:45","modified_gmt":"2025-11-17T13:44:45","slug":"partenariat-up-assises-oep","status":"publish","type":"page","link":"https:\/\/www.uplegess.com\/?page_id=239","title":{"rendered":"Partenariat UP \/ OEP &#8211; 7e Assises en mai 2026 \u00e0 Paris"},"content":{"rendered":"\n<p><a href=\"https:\/\/assises.observatoireplurilinguisme.eu\/appel-a-communications\">Appel \u00e0 communications (cliquer ici)<\/a> \u00ab\u00a0<strong>Plurilinguisme et circulation des savoirs, des imaginaires, des comp\u00e9tences. Quelles dynamiques, quelles vuln\u00e9rabilit\u00e9s&nbsp;?<\/strong>\u00a0\u00bb <em>Date de remise des communications repouss\u00e9e au 5 janvier 2026<\/em><\/p>\n\n\n\n<p>L&rsquo;UPLEGESS, partenaire privil\u00e9gi\u00e9 de l&rsquo;Observatoire europ\u00e9en du plurilinguisme (OEP) est heureuse de s&rsquo;associer aux 7e Assises qui se tiendront les 20, 21 et 22 mai 2026 \u00e0 Paris\ud83d\uddfc<br>Un rendez-vous majeur pour l&rsquo;avenir linguistique de l&rsquo;Europe \ud83c\udf0d<br>L&rsquo;OEP a pour mission de promouvoir les langues vivantes afin de pr\u00e9server la diversit\u00e9 linguistique et culturelle, v\u00e9ritable source d&rsquo;\u00e9change et de cr\u00e9ativit\u00e9.<br>Ses Assises r\u00e9uniront d\u00e9cideurs, enseignants, chercheurs et repr\u00e9sentants de la soci\u00e9t\u00e9 civile autour d&rsquo;une Charte europ\u00e9enne du plurilinguisme.<br>Son objectif est de r\u00e9pondre aux questions linguistiques fondamentales de l&rsquo;Europe dans leurs dimensions politiques, culturelles, \u00e9conomiques et sociales.<br><br>\u2705 L&rsquo;engagement de l&rsquo;UPLEGESS.<br>Notre association s&rsquo;engage activement en diffusant dans son r\u00e9seau l&rsquo;appel \u00e0 communication des Assises, en rejoignant le comit\u00e9 scientifique responsable de la s\u00e9lection des communications et de l&rsquo;organisation du programme.<br><br>\ud83d\udce2Appel \u00e0 participation et \u00e0 communication.<br>Rejoignez les Assises, rencontrez ses acteurs et venez communiquer ! Important : les Assises se d\u00e9roulent en 5 langues : fran\u00e7ais, espagnol, allemand, anglais et italien, vous offrant la possibilit\u00e9 d&rsquo;intervenir dans une de ses langues.<br><br>\ud83d\udc49 Bloquez les 20, 21 et 22 mai dans votre agenda et contribuez au d\u00e9bat europ\u00e9en sur le plurilinguisme ! (lien d&rsquo;inscription \u00e0 venir)\u00a0<strong>Et si vous le souhaitez, communiquez et d\u00e9posez votre proposition avant le 5 janvier<\/strong>\u00a0!<\/p>\n\n\n\n<p>Info+ <a href=\"https:\/\/assises.observatoireplurilinguisme.eu\/accueil\">Qu&rsquo;est-ce que les Assises ?<\/a> <a href=\"https:\/\/assises.observatoireplurilinguisme.eu\/qu-est-ce-que-l-oep-7\">Qu&rsquo;est-ce que l&rsquo;OEP ?<\/a><\/p>\n","protected":false},"excerpt":{"rendered":"<p>Appel \u00e0 communications (cliquer ici) \u00ab\u00a0Plurilinguisme et circulation des savoirs, des imaginaires, des comp\u00e9tences. Quelles dynamiques, quelles vuln\u00e9rabilit\u00e9s&nbsp;?\u00a0\u00bb Date de remise des communications repouss\u00e9e au 5 janvier 2026 L&rsquo;UPLEGESS, partenaire privil\u00e9gi\u00e9 de l&rsquo;Observatoire europ\u00e9en du plurilinguisme (OEP) est heureuse de &hellip; <a href=\"https:\/\/www.uplegess.com\/?page_id=239\">Continuer la lecture <span class=\"meta-nav\">&rarr;<\/span><\/a><\/p>\n","protected":false},"author":1,"featured_media":0,"parent":0,"menu_order":0,"comment_status":"closed","ping_status":"closed","template":"","meta":{"footnotes":""},"class_list":["post-239","page","type-page","status-publish","hentry"],"_links":{"self":[{"href":"https:\/\/www.uplegess.com\/index.php?rest_route=\/wp\/v2\/pages\/239","targetHints":{"allow":["GET"]}}],"collection":[{"href":"https:\/\/www.uplegess.com\/index.php?rest_route=\/wp\/v2\/pages"}],"about":[{"href":"https:\/\/www.uplegess.com\/index.php?rest_route=\/wp\/v2\/types\/page"}],"author":[{"embeddable":true,"href":"https:\/\/www.uplegess.com\/index.php?rest_route=\/wp\/v2\/users\/1"}],"replies":[{"embeddable":true,"href":"https:\/\/www.uplegess.com\/index.php?rest_route=%2Fwp%2Fv2%2Fcomments&post=239"}],"version-history":[{"count":9,"href":"https:\/\/www.uplegess.com\/index.php?rest_route=\/wp\/v2\/pages\/239\/revisions"}],"predecessor-version":[{"id":253,"href":"https:\/\/www.uplegess.com\/index.php?rest_route=\/wp\/v2\/pages\/239\/revisions\/253"}],"wp:attachment":[{"href":"https:\/\/www.uplegess.com\/index.php?rest_route=%2Fwp%2Fv2%2Fmedia&parent=239"}],"curies":[{"name":"wp","href":"https:\/\/api.w.org\/{rel}","templated":true}]}}