{"id":227,"date":"2025-11-17T12:19:36","date_gmt":"2025-11-17T11:19:36","guid":{"rendered":"https:\/\/www.uplegess.com\/?page_id=227"},"modified":"2026-04-10T13:08:24","modified_gmt":"2026-04-10T11:08:24","slug":"journees-pedagogique-des-langues","status":"publish","type":"page","link":"https:\/\/www.uplegess.com\/?page_id=227","title":{"rendered":"Journ\u00e9es Langues 2025-2026"},"content":{"rendered":"\n<p><strong>Pour soutenir les journ\u00e9es Langues, devenez membre actif en adh\u00e9rant  <a href=\"https:\/\/www.uplegess.com\/?page_id=76\">cliquer ici lien HelloAsso<\/a><\/strong><\/p>\n\n\n\n<blockquote class=\"wp-block-quote is-layout-flow wp-block-quote-is-layout-flow\">\n<h2 class=\"wp-block-heading has-text-align-center\">***<\/h2>\n<\/blockquote>\n\n\n\n<p><strong>M\u00e9mo 2025 &#8211; 2026, les journ\u00e9es GT Langue <\/strong><\/p>\n\n\n\n<ul class=\"wp-block-list\">\n<li><strong>2<\/strong> <strong>journ\u00e9es pour le GT des Anglicistes<\/strong>  \n<ul class=\"wp-block-list\">\n<li>en d\u00e9cembre 2025 \u00e0 Montpellier Business Scholl <strong><em>\u00ab\u00a0<\/em><\/strong><em>Synergies : Int\u00e9gration intelligence de l&rsquo;intelligence artificielle pour la collaboration humaine\u00a0\u00bb<\/em><\/li>\n\n\n\n<li>en mars 2026 \u00e0 Paris, MBS Paris \u00ab\u00a0<em>Human\u00a0connection(s) \u2013\u00a0Teaching\u00a0differently\u00a0in the digital\u00a0age\u00a0\/\u00a0Connexion(s) humaines \u2013 Enseigner diff\u00e9remment \u00e0 l\u2019\u00e8re du digital<\/em>\u00ab\u00a0<\/li>\n<\/ul>\n<\/li>\n\n\n\n<li><strong>1 journ\u00e9e pour GT des Hispanistes<\/strong>\n<ul class=\"wp-block-list\">\n<li>mars 2026 \u00e0 Neoma Business School, site de Paris, \u00ab\u00a0<em>Apprendre par le jeu<\/em>\u00ab\u00a0<\/li>\n<\/ul>\n<\/li>\n\n\n\n<li><strong>1 journ\u00e9e pour le GT Langues MoDiMEs<\/strong>\n<ul class=\"wp-block-list\">\n<li>en f\u00e9vrier 2026 \u00e0 l&rsquo;INSA de Lyon, Campus de la Doua <em>\u00ab\u00a0Vibrer au rythme des langues\u00a0\u00bb<\/em><\/li>\n<\/ul>\n<\/li>\n\n\n\n<li><strong>1<\/strong> <strong>journ\u00e9e GT FLE-Germanistes<\/strong>\n<ul class=\"wp-block-list\">\n<li>en janvier 2026, \u00e0 Alpine GEM Grenoble Ecole de Management, site de Pantin \u00ab\u00a0<em>Les liens qui lib\u00e8rent\u00a0\u00bb<\/em><\/li>\n<\/ul>\n<\/li>\n\n\n\n<li><strong>1 journ\u00e9e GT FLE-partenariat avec \u00e9cri+<\/strong>\n<ul class=\"wp-block-list\">\n<li>en mars 2026 \u00e0 l&rsquo;universit\u00e9 de Strasbourg \u00ab\u00a0<em>Pour des usages raisonn\u00e9s du dispositif<\/em> <em>\u00e9cri+\u00a0dans l\u2019offre de formation FLE, FLS et FLM\u00a0de l\u2019enseignement sup\u00e9rieur scientifique\u00a0\u00bb\u00a0<\/em><\/li>\n<\/ul>\n<\/li>\n<\/ul>\n","protected":false},"excerpt":{"rendered":"<p>Pour soutenir les journ\u00e9es Langues, devenez membre actif en adh\u00e9rant cliquer ici lien HelloAsso *** M\u00e9mo 2025 &#8211; 2026, les journ\u00e9es GT Langue<\/p>\n","protected":false},"author":1,"featured_media":0,"parent":0,"menu_order":0,"comment_status":"closed","ping_status":"closed","template":"","meta":{"footnotes":""},"class_list":["post-227","page","type-page","status-publish","hentry"],"_links":{"self":[{"href":"https:\/\/www.uplegess.com\/index.php?rest_route=\/wp\/v2\/pages\/227","targetHints":{"allow":["GET"]}}],"collection":[{"href":"https:\/\/www.uplegess.com\/index.php?rest_route=\/wp\/v2\/pages"}],"about":[{"href":"https:\/\/www.uplegess.com\/index.php?rest_route=\/wp\/v2\/types\/page"}],"author":[{"embeddable":true,"href":"https:\/\/www.uplegess.com\/index.php?rest_route=\/wp\/v2\/users\/1"}],"replies":[{"embeddable":true,"href":"https:\/\/www.uplegess.com\/index.php?rest_route=%2Fwp%2Fv2%2Fcomments&post=227"}],"version-history":[{"count":38,"href":"https:\/\/www.uplegess.com\/index.php?rest_route=\/wp\/v2\/pages\/227\/revisions"}],"predecessor-version":[{"id":330,"href":"https:\/\/www.uplegess.com\/index.php?rest_route=\/wp\/v2\/pages\/227\/revisions\/330"}],"wp:attachment":[{"href":"https:\/\/www.uplegess.com\/index.php?rest_route=%2Fwp%2Fv2%2Fmedia&parent=227"}],"curies":[{"name":"wp","href":"https:\/\/api.w.org\/{rel}","templated":true}]}}