{"id":170,"date":"2025-03-09T10:55:23","date_gmt":"2025-03-09T09:55:23","guid":{"rendered":"https:\/\/www.uplegess.com\/?page_id=170"},"modified":"2025-10-31T09:36:03","modified_gmt":"2025-10-31T08:36:03","slug":"congres-2025","status":"publish","type":"page","link":"https:\/\/www.uplegess.com\/?page_id=170","title":{"rendered":"Congr\u00e8s 2025"},"content":{"rendered":"\n<p><strong><a href=\"https:\/\/uplegess2025.sciencesconf.org\/\">Le site d\u00e9di\u00e9 au congr\u00e8s reste accessible &#8211; cliquer ici<\/a>.<\/strong><\/p>\n\n\n\n<p>Le th\u00e8me de notre 51<sup>\u00e8me<\/sup> congr\u00e8s\u00a0&#8211; qui s&rsquo;est tenu \u00e0 l&rsquo;IOGS Nouvelle Aquitaine \u00e0 Bordeaux du 18 au 20 juin 2025 \u00e9tait :\u00a0<\/p>\n\n\n\n<blockquote class=\"wp-block-quote is-layout-flow wp-block-quote-is-layout-flow\">\n<p><em>Les sciences au prisme des arts : un regard humaniste sur la formation en langues et cultures des ing\u00e9nieurs et managers de demain<\/em><\/p>\n<\/blockquote>\n\n\n\n<p><\/p>\n\n\n\n<p><\/p>\n","protected":false},"excerpt":{"rendered":"<p>Le site d\u00e9di\u00e9 au congr\u00e8s reste accessible &#8211; cliquer ici. Le th\u00e8me de notre 51\u00e8me congr\u00e8s\u00a0&#8211; qui s&rsquo;est tenu \u00e0 l&rsquo;IOGS Nouvelle Aquitaine \u00e0 Bordeaux du 18 au 20 juin 2025 \u00e9tait :\u00a0 Les sciences au prisme des arts : &hellip; <a href=\"https:\/\/www.uplegess.com\/?page_id=170\">Continuer la lecture <span class=\"meta-nav\">&rarr;<\/span><\/a><\/p>\n","protected":false},"author":1,"featured_media":0,"parent":0,"menu_order":0,"comment_status":"closed","ping_status":"closed","template":"","meta":{"footnotes":""},"class_list":["post-170","page","type-page","status-publish","hentry"],"_links":{"self":[{"href":"https:\/\/www.uplegess.com\/index.php?rest_route=\/wp\/v2\/pages\/170","targetHints":{"allow":["GET"]}}],"collection":[{"href":"https:\/\/www.uplegess.com\/index.php?rest_route=\/wp\/v2\/pages"}],"about":[{"href":"https:\/\/www.uplegess.com\/index.php?rest_route=\/wp\/v2\/types\/page"}],"author":[{"embeddable":true,"href":"https:\/\/www.uplegess.com\/index.php?rest_route=\/wp\/v2\/users\/1"}],"replies":[{"embeddable":true,"href":"https:\/\/www.uplegess.com\/index.php?rest_route=%2Fwp%2Fv2%2Fcomments&post=170"}],"version-history":[{"count":9,"href":"https:\/\/www.uplegess.com\/index.php?rest_route=\/wp\/v2\/pages\/170\/revisions"}],"predecessor-version":[{"id":215,"href":"https:\/\/www.uplegess.com\/index.php?rest_route=\/wp\/v2\/pages\/170\/revisions\/215"}],"wp:attachment":[{"href":"https:\/\/www.uplegess.com\/index.php?rest_route=%2Fwp%2Fv2%2Fmedia&parent=170"}],"curies":[{"name":"wp","href":"https:\/\/api.w.org\/{rel}","templated":true}]}}