{"id":124,"date":"2025-02-01T11:16:59","date_gmt":"2025-02-01T10:16:59","guid":{"rendered":"https:\/\/www.uplegess.com\/?page_id=124"},"modified":"2025-02-07T12:49:26","modified_gmt":"2025-02-07T11:49:26","slug":"bienvenue-a-luplegess","status":"publish","type":"page","link":"https:\/\/www.uplegess.com\/","title":{"rendered":"Bienvenue \u00e0 l&rsquo;UPLEGESS !"},"content":{"rendered":"\n<p class=\"has-text-align-left has-medium-font-size\">une association qui f\u00e9d\u00e8re les enseignants de langues et cultures, des grandes \u00e9coles et des \u00e9tablissements sup\u00e9rieurs, d\u00e9sireux de vivre des projets communs et innovants,<\/p>\n\n\n\n<p class=\"has-text-align-left has-medium-font-size\">une association qui favorise l&rsquo;\u00e9change et le partage p\u00e9dagogique, <\/p>\n\n\n\n<p class=\"has-text-align-left has-medium-font-size\">une association qui dialogue avec les diff\u00e9rents acteurs impliqu\u00e9s dans l&rsquo;internationalisation, l&rsquo;interculturel et l&rsquo;interdisciplinarit\u00e9.&nbsp;<\/p>\n\n\n\n<div class=\"wp-block-group is-vertical is-layout-flex wp-container-core-group-is-layout-8cf370e7 wp-block-group-is-layout-flex\">\n<h2 class=\"wp-block-heading is-style-text-annotation has-medium-font-size\">En 2 mots, l&rsquo;UPLEGESS, c&rsquo;est quoi ?<\/h2>\n\n\n\n<figure class=\"wp-block-image size-full is-resized\"><img loading=\"lazy\" decoding=\"async\" width=\"284\" height=\"177\" src=\"https:\/\/www.uplegess.com\/wp-content\/uploads\/2025\/01\/oiseau.jpg\" alt=\"\" class=\"wp-image-10\" style=\"width:221px;height:auto\"\/><\/figure>\n<\/div>\n\n\n\n<p><\/p>\n\n\n\n<p class=\"is-style-text-subtitle has-small-font-size\"><em>L\u2019UPLEGESS est une association 1901 fond\u00e9e en 1975.  Elle est membre de la Conf\u00e9rence des Grandes Ecoles (CGE) et elle a pour vocation de promouvoir un enseignement des langues &amp; cultures de qualit\u00e9 qui prend en compte la richesse plurilingue de l\u2019humanit\u00e9 et la dimension interculturelle de toute interaction humaine. <\/em><\/p>\n\n\n\n<p class=\"is-style-text-subtitle has-small-font-size\"><em>Elle soutient le d\u00e9veloppement de projets de recherche-action de ses membres et constitue un r\u00e9seau d\u2019\u00e9changes entre les enseignants et chercheurs des universit\u00e9s et des grandes \u00e9coles au travers de journ\u00e9es d\u2019\u00e9tudes, de s\u00e9minaires et d\u2019un congr\u00e8s annuel.<\/em><\/p>\n\n\n\n<p><\/p>\n\n\n\n<p><\/p>\n","protected":false},"excerpt":{"rendered":"<p>une association qui f\u00e9d\u00e8re les enseignants de langues et cultures, des grandes \u00e9coles et des \u00e9tablissements sup\u00e9rieurs, d\u00e9sireux de vivre des projets communs et innovants, une association qui favorise l&rsquo;\u00e9change et le partage p\u00e9dagogique, une association qui dialogue avec les &hellip; <a href=\"https:\/\/www.uplegess.com\/\">Continuer la lecture <span class=\"meta-nav\">&rarr;<\/span><\/a><\/p>\n","protected":false},"author":1,"featured_media":10,"parent":0,"menu_order":0,"comment_status":"closed","ping_status":"closed","template":"","meta":{"footnotes":""},"class_list":["post-124","page","type-page","status-publish","has-post-thumbnail","hentry"],"_links":{"self":[{"href":"https:\/\/www.uplegess.com\/index.php?rest_route=\/wp\/v2\/pages\/124","targetHints":{"allow":["GET"]}}],"collection":[{"href":"https:\/\/www.uplegess.com\/index.php?rest_route=\/wp\/v2\/pages"}],"about":[{"href":"https:\/\/www.uplegess.com\/index.php?rest_route=\/wp\/v2\/types\/page"}],"author":[{"embeddable":true,"href":"https:\/\/www.uplegess.com\/index.php?rest_route=\/wp\/v2\/users\/1"}],"replies":[{"embeddable":true,"href":"https:\/\/www.uplegess.com\/index.php?rest_route=%2Fwp%2Fv2%2Fcomments&post=124"}],"version-history":[{"count":6,"href":"https:\/\/www.uplegess.com\/index.php?rest_route=\/wp\/v2\/pages\/124\/revisions"}],"predecessor-version":[{"id":163,"href":"https:\/\/www.uplegess.com\/index.php?rest_route=\/wp\/v2\/pages\/124\/revisions\/163"}],"wp:featuredmedia":[{"embeddable":true,"href":"https:\/\/www.uplegess.com\/index.php?rest_route=\/wp\/v2\/media\/10"}],"wp:attachment":[{"href":"https:\/\/www.uplegess.com\/index.php?rest_route=%2Fwp%2Fv2%2Fmedia&parent=124"}],"curies":[{"name":"wp","href":"https:\/\/api.w.org\/{rel}","templated":true}]}}